{"id":9,"date":"2014-01-12T12:55:36","date_gmt":"2014-01-12T10:55:36","guid":{"rendered":"http:\/\/www.silkkisolmu.fi\/?page_id=9"},"modified":"2026-03-16T02:13:29","modified_gmt":"2026-03-16T00:13:29","slug":"hinnasto","status":"publish","type":"page","link":"http:\/\/www.silkkisolmu.fi\/?page_id=9","title":{"rendered":"Hinnasto"},"content":{"rendered":"<p>Kaikki hinnat ovat alkaen hintoja ja voimassa toistaiseksi. Hinnat eiv\u00e4t sis\u00e4ll\u00e4 materiaaleja ellei erikseen mainita.<\/p>\n<p>Jos hinnastossa ei ole etsim\u00e4si palvelun hintaa ota ihmeess\u00e4 yhteytt\u00e4 ja kysy!<\/p>\n<p>Susanna Tonteri<br \/>\nsusanna@silkkisolmu.fi<\/p>\n<p>&nbsp;<\/p>\n<hr \/>\n<p>&nbsp;<\/p>\n<p>MITTATILAUSVAATTEET \u00a0 \u00a0 \u00a0 hinnat alk.<\/p>\n<p>Kotelomekko vuoreton \u00a0 \u00a0 \u00a0 \u00a0 \u00a0 \u00a0 \u00a0 135\u20ac<br \/>\nKotelomekko vuorillinen \u00a0 \u00a0 \u00a0 \u00a0 \u00a0 \u00a0 170\u20ac<\/p>\n<p>Jakku vuoreton \u00a0 \u00a0 \u00a0 \u00a0 \u00a0 \u00a0 \u00a0 \u00a0 \u00a0 \u00a0 \u00a0 \u00a0 \u00a0 161\u20ac<br \/>\nJakku vuorillinen \u00a0 \u00a0 \u00a0 \u00a0 \u00a0 \u00a0 \u00a0 \u00a0 \u00a0 \u00a0 \u00a0 \u00a0 197\u20ac<\/p>\n<p>Hame vuoreton\u00a0 \u00a0 \u00a0 \u00a0 \u00a0 \u00a0 \u00a0 \u00a0 \u00a0 \u00a0 \u00a0 \u00a0 \u00a0 \u00a075\u20ac<br \/>\nHame vuorillinen \u00a0 \u00a0 \u00a0 \u00a0 \u00a0 \u00a0 \u00a0 \u00a0 \u00a0 \u00a0 \u00a0 \u00a0 97\u20ac<\/p>\n<p>Housut \u00a0 \u00a0 \u00a0 \u00a0 \u00a0 \u00a0 \u00a0 \u00a0 \u00a0 \u00a0 \u00a0 \u00a0 \u00a0 \u00a0 \u00a0 \u00a0 \u00a0 \u00a0 \u00a0 \u00a090\u20ac<br \/>\nCollege housut \u00a0 \u00a0 \u00a0 \u00a0 \u00a0 \u00a0 \u00a0 \u00a0 \u00a0 \u00a0 \u00a0 \u00a0 \u00a0 \u00a052\u20ac<\/p>\n<p>Liivi vuoreton \u00a0 \u00a0 \u00a0 \u00a0 \u00a0 \u00a0 \u00a0 \u00a0 \u00a0 \u00a0 \u00a0 \u00a0 \u00a0 \u00a0 \u00a070\u20ac<br \/>\nLiivi vuorillinen \u00a0 \u00a0 \u00a0 \u00a0 \u00a0 \u00a0 \u00a0 \u00a0 \u00a0 \u00a0 \u00a0 \u00a0 \u00a0 \u00a0104\u20ac<\/p>\n<p>Toppi vuoreton \u00a0 \u00a0 \u00a0 \u00a0 \u00a0 \u00a0 \u00a0 \u00a0 \u00a0 \u00a0 \u00a0 \u00a0 \u00a0 65\u20ac<br \/>\nToppi vuorillinen \u00a0 \u00a0 \u00a0 \u00a0 \u00a0 \u00a0 \u00a0 \u00a0 \u00a0 \u00a0 \u00a0 \u00a0 99\u20ac<\/p>\n<p>Trikoo paita \u00a0 \u00a0 \u00a0 \u00a0 \u00a0 \u00a0 \u00a0 \u00a0 \u00a0 \u00a0 \u00a0 \u00a0 \u00a0 \u00a0 \u00a0 \u00a050\u20ac<\/p>\n<p>Takki \u00a0 \u00a0 \u00a0 \u00a0 \u00a0 \u00a0 \u00a0 \u00a0 \u00a0 \u00a0 \u00a0 \u00a0 \u00a0 \u00a0 \u00a0 \u00a0 \u00a0 \u00a0 \u00a0 \u00a0 \u00a0 225\u20ac<\/p>\n<p>Iltapuku \u00a0 \u00a0 \u00a0 \u00a0 \u00a0 \u00a0 \u00a0 \u00a0 \u00a0 \u00a0 \u00a0 \u00a0 \u00a0 \u00a0 \u00a0 \u00a0 \u00a0 \u00a0 \u00a0230\u20ac<\/p>\n<p>H\u00e4\u00e4puku \u00a0 \u00a0 \u00a0 \u00a0 \u00a0 \u00a0 \u00a0 \u00a0 \u00a0 \u00a0 \u00a0 \u00a0 \u00a0 \u00a0 \u00a0 \u00a0 \u00a0 \u00a0340\u20ac<\/p>\n<p>Alushame \u00a0 \u00a0 \u00a0 \u00a0 \u00a0 \u00a0 \u00a0 \u00a0 \u00a0 \u00a0 \u00a0 \u00a0 \u00a0 \u00a0 \u00a0 \u00a0 \u00a0 70\u20ac<\/p>\n<p>&nbsp;<\/p>\n<p>Lopulliseen hintaan vaikuttavat mm. malli,materiaalit ja lis\u00e4tarvikkeet.<\/p>\n<p>Kohdistettavat kuosit ja erikoismateriaalit +15% loppuliseen hintaan.<\/p>\n<p>&nbsp;<\/p>\n<hr \/>\n<p>&nbsp;<\/p>\n<p>KORJAUSOMPELU \u00a0 \u00a0 \u00a0 \u00a0 \u00a0 \u00a0 \u00a0 \u00a0 \u00a0 \u00a0 \u00a0 \u00a0 \u00a0 \u00a0 \u00a0 \u00a0hinnat alk.<\/p>\n<p>Housut lyhennys koneommel \u00a0 \u00a0 \u00a0 \u00a0 \u00a0 \u00a0 \u00a0 \u00a0 \u00a0 \u00a0 \u00a0 17\u20ac<br \/>\nHousut lyhennys k\u00e4sinommel \u00a0 \u00a0 \u00a0 \u00a0 \u00a0 \u00a0 \u00a0 \u00a0 \u00a0 \u00a0 \u00a0 22\u20ac<br \/>\nHousut lyhennys upslaakilla \u00a0 \u00a0 \u00a0 \u00a0 \u00a0 \u00a0 \u00a0 \u00a0 \u00a0 \u00a0 \u00a0 \u00a0 22\u20ac<br \/>\nHousut kavennys\/levennys \u00a0 \u00a0 \u00a0 \u00a0 \u00a0 \u00a0 \u00a0 \u00a0 \u00a0 \u00a0 \u00a0 \u00a0 \u00a022\u20ac<br \/>\nHousut vetoketjun vaihto (ei sis.ketjua)\u00a0 \u00a0 \u00a0 \u00a0 20\u20ac<\/p>\n<p>Hame lyhennys vuoriton\u00a0 \u00a0 \u00a0 \u00a0 \u00a0 \u00a0 \u00a0 \u00a0 \u00a0 \u00a0 \u00a0 \u00a0 \u00a0 \u00a0 \u00a0 \u00a020\u20ac<br \/>\nHame lyhennys vuorillinen \u00a0 \u00a0 \u00a0 \u00a0 \u00a0 \u00a0 \u00a0 \u00a0 \u00a0 \u00a0 \u00a0 \u00a0 \u00a0 \u00a025\u20ac<br \/>\nHame kavennus\/levennys \u00a0 \u00a0 \u00a0 \u00a0 \u00a0 \u00a0 \u00a0 \u00a0 \u00a0 \u00a0 \u00a0 \u00a0 \u00a0 \u00a022\u20ac<br \/>\nHame vuoritus \u00a0 \u00a0 \u00a0 \u00a0 \u00a0 \u00a0 \u00a0 \u00a0 \u00a0 \u00a0 \u00a0 \u00a0 \u00a0 \u00a0 \u00a0 \u00a0 \u00a0 \u00a0 \u00a0 \u00a0 \u00a0 \u00a0 \u00a062\u20ac<br \/>\nHame vetoketjunvaihto(sis.ketjun) \u00a0 \u00a0 \u00a0 \u00a0 \u00a0 \u00a0 \u00a0 18\u20ac<\/p>\n<p>Takin lyhennys\/vuorillinen \u00a0 \u00a0 \u00a0 \u00a0 \u00a0 \u00a0 \u00a0 \u00a0 \u00a0 \u00a0 \u00a0 \u00a0 \u00a0 \u00a0 37\u20ac\/42\u20ac<br \/>\nTakin kavennus \u00a0 \u00a0 \u00a0 \u00a0 \u00a0 \u00a0 \u00a0 \u00a0 \u00a0 \u00a0 \u00a0 \u00a0 \u00a0 \u00a0 \u00a0 \u00a0 \u00a0 \u00a0 \u00a0 \u00a0 \u00a0 \u00a0 32\u20ac<br \/>\nTakin hihan lyhennys\/vuorillinen \u00a0 \u00a0 \u00a0 \u00a0 \u00a0 \u00a0 \u00a0 \u00a0 \u00a0 19\u20ac\/25\u20ac<br \/>\nTakin hihojen nosto olalta \u00a0 \u00a0 \u00a0 \u00a0 \u00a0 \u00a0 \u00a0 \u00a0 \u00a0 \u00a0 \u00a0 \u00a0 \u00a0 \u00a0 \u00a037\u20ac<br \/>\nTakin vuorin vaihto\/vuoritus \u00a0 \u00a0 \u00a0 \u00a0 \u00a0 \u00a0 \u00a0 \u00a0 \u00a0 \u00a0 \u00a0 \u00a0 \u00a097\u20ac\/122\u20ac<br \/>\nTakin vetoketjun vaihto\/untuvatakki<br \/>\n(ei sis ketjua)\u00a0 \u00a0 \u00a0 \u00a0 \u00a0 \u00a0 \u00a0 \u00a0 \u00a0 \u00a0 \u00a0 \u00a0 \u00a0 \u00a0 \u00a0 \u00a0 \u00a0 \u00a0 \u00a0 \u00a0 \u00a0 \u00a0 \u00a0 \u00a0 \u00a030\u20ac\/37\u20ac<\/p>\n<p>Kavennus mekko\/Morsiusmekko \u00a0 \u00a0 \u00a0 \u00a0 \u00a0 \u00a0 \u00a0 \u00a0 \u00a033\u20ac\/67\u20ac<br \/>\nLyhennys mekko\/Morsiusmekko \u00a0 \u00a0 \u00a0 \u00a0 \u00a0 \u00a0 \u00a0 \u00a0 \u00a0 32e\/67\u20ac<br \/>\nOlkaimien lyhennys mekko\/morsiusmekko \u00a0 18\u20ac\/37\u20ac<br \/>\nVetoketjunvaihto mekko\/morsiusmekko<br \/>\n(ei sis.ketjua)\u00a0 \u00a0 \u00a0 \u00a0 \u00a0 \u00a0 \u00a0 \u00a0 \u00a0 \u00a0 \u00a0 \u00a0 \u00a0 \u00a0 \u00a0 \u00a0 \u00a0 \u00a0 \u00a0 \u00a0 \u00a0 \u00a0 \u00a0 \u00a0 \u00a020\u20ac\/27\u20ac<\/p>\n<p>&nbsp;<\/p>\n<hr \/>\n<p>&nbsp;<\/p>\n<p>&nbsp;<\/p>\n<p>SISUSTUSOMPELU<\/p>\n<p>Verhojen yl\u00e4- ja alak\u00e4\u00e4nne\u00a0 \u00a0 \u00a0 \u00a0 \u00a0 \u00a0 \u00a0 \u00a0 \u00a0 \u00a0 \u00a0 \u00a0 \u00a0 \u00a0 \u00a020\u20ac\/kpl<br \/>\nVerhojen ymp\u00e4ri ompelu \u00a0 \u00a0 \u00a0 \u00a0 \u00a0 \u00a0 \u00a0 \u00a0 \u00a0 \u00a0 \u00a0 \u00a0 \u00a0 \u00a0 \u00a0 \u00a0 25\u20ac\/kpl<\/p>\n<p>Tyynyn p\u00e4\u00e4linen alk. \u00a0 \u00a0 \u00a0 \u00a0 \u00a0 \u00a0 \u00a0 \u00a0 \u00a0 \u00a0 \u00a0 \u00a0 \u00a0 \u00a0 \u00a0 \u00a0 \u00a0 \u00a0 \u00a0 12\u20ac\/kpl<\/p>\n<p>&nbsp;<\/p>\n<hr \/>\n<p>&nbsp;<\/p>\n<p>TANSSI- JA ESIINTYMISASUT<\/p>\n<p>Ota rohkeasti yhteytt\u00e4 ja pyyd\u00e4 hintaarvio.<\/p>\n<p>susanna@silkkisolmu.fi<\/p>\n<p>&nbsp;<\/p>\n<hr \/>\n<p>&nbsp;<\/p>\n","protected":false},"excerpt":{"rendered":"<p>Kaikki hinnat ovat alkaen hintoja ja voimassa toistaiseksi. Hinnat eiv\u00e4t sis\u00e4ll\u00e4 materiaaleja ellei erikseen mainita. Jos hinnastossa ei ole etsim\u00e4si palvelun hintaa ota ihmeess\u00e4 yhteytt\u00e4 ja kysy! Susanna Tonteri susanna@silkkisolmu.fi &nbsp; &nbsp; MITTATILAUSVAATTEET \u00a0 \u00a0 \u00a0 hinnat alk. Kotelomekko vuoreton \u00a0 \u00a0 \u00a0 \u00a0 \u00a0 \u00a0 \u00a0 135\u20ac Kotelomekko vuorillinen \u00a0 \u00a0 \u00a0 \u00a0 \u00a0 [&hellip;]<\/p>\n","protected":false},"author":1,"featured_media":0,"parent":0,"menu_order":0,"comment_status":"closed","ping_status":"open","template":"","meta":{"footnotes":""},"class_list":["post-9","page","type-page","status-publish","hentry"],"_links":{"self":[{"href":"http:\/\/www.silkkisolmu.fi\/index.php?rest_route=\/wp\/v2\/pages\/9","targetHints":{"allow":["GET"]}}],"collection":[{"href":"http:\/\/www.silkkisolmu.fi\/index.php?rest_route=\/wp\/v2\/pages"}],"about":[{"href":"http:\/\/www.silkkisolmu.fi\/index.php?rest_route=\/wp\/v2\/types\/page"}],"author":[{"embeddable":true,"href":"http:\/\/www.silkkisolmu.fi\/index.php?rest_route=\/wp\/v2\/users\/1"}],"replies":[{"embeddable":true,"href":"http:\/\/www.silkkisolmu.fi\/index.php?rest_route=%2Fwp%2Fv2%2Fcomments&post=9"}],"version-history":[{"count":9,"href":"http:\/\/www.silkkisolmu.fi\/index.php?rest_route=\/wp\/v2\/pages\/9\/revisions"}],"predecessor-version":[{"id":320,"href":"http:\/\/www.silkkisolmu.fi\/index.php?rest_route=\/wp\/v2\/pages\/9\/revisions\/320"}],"wp:attachment":[{"href":"http:\/\/www.silkkisolmu.fi\/index.php?rest_route=%2Fwp%2Fv2%2Fmedia&parent=9"}],"curies":[{"name":"wp","href":"https:\/\/api.w.org\/{rel}","templated":true}]}}