{"id":13,"date":"2014-01-12T13:00:06","date_gmt":"2014-01-12T11:00:06","guid":{"rendered":"http:\/\/www.silkkisolmu.fi\/?page_id=13"},"modified":"2026-03-16T02:17:58","modified_gmt":"2026-03-16T00:17:58","slug":"yhteystiedot","status":"publish","type":"page","link":"https:\/\/www.silkkisolmu.fi\/?page_id=13","title":{"rendered":"Yhteystiedot"},"content":{"rendered":"<p>&nbsp;<\/p>\n<p><strong>Ompelimo suljettu toistaiseksi \u00e4itiysloman johdosta (3\/2026)<\/strong><\/p>\n<p>Avoinna sopimuksen mukaan ma-pe!<\/p>\n<p><strong>Ompelimo Silkkisolmu p\u00e4\u00e4ty\u00f6piste<br \/>\n<\/strong>Pet\u00e4j\u00e4lahti 7,17120 Paimela<\/p>\n<p style=\"text-align: left;\"><strong>Puh<\/strong>. 044-9739597<br \/>\n<strong>E-mail<\/strong>: susanna@silkkisolmu.fi<\/p>\n<p style=\"text-align: left;\"><a href=\"https:\/\/www.google.com\/maps\/place\/Ompelimo+Silkkisolmu\/@60.990159,25.677898,17z\/data=!3m1!4b1!4m2!3m1!1s0x0:0x18b6a6254b47abcd?hl=fi\">\u00a0<\/a><\/p>\n","protected":false},"excerpt":{"rendered":"<p>&nbsp; Ompelimo suljettu toistaiseksi \u00e4itiysloman johdosta (3\/2026) Avoinna sopimuksen mukaan ma-pe! Ompelimo Silkkisolmu p\u00e4\u00e4ty\u00f6piste Pet\u00e4j\u00e4lahti 7,17120 Paimela Puh. 044-9739597 E-mail: susanna@silkkisolmu.fi \u00a0<\/p>\n","protected":false},"author":1,"featured_media":0,"parent":0,"menu_order":0,"comment_status":"closed","ping_status":"open","template":"","meta":{"footnotes":""},"class_list":["post-13","page","type-page","status-publish","hentry"],"_links":{"self":[{"href":"https:\/\/www.silkkisolmu.fi\/index.php?rest_route=\/wp\/v2\/pages\/13","targetHints":{"allow":["GET"]}}],"collection":[{"href":"https:\/\/www.silkkisolmu.fi\/index.php?rest_route=\/wp\/v2\/pages"}],"about":[{"href":"https:\/\/www.silkkisolmu.fi\/index.php?rest_route=\/wp\/v2\/types\/page"}],"author":[{"embeddable":true,"href":"https:\/\/www.silkkisolmu.fi\/index.php?rest_route=\/wp\/v2\/users\/1"}],"replies":[{"embeddable":true,"href":"https:\/\/www.silkkisolmu.fi\/index.php?rest_route=%2Fwp%2Fv2%2Fcomments&post=13"}],"version-history":[{"count":15,"href":"https:\/\/www.silkkisolmu.fi\/index.php?rest_route=\/wp\/v2\/pages\/13\/revisions"}],"predecessor-version":[{"id":323,"href":"https:\/\/www.silkkisolmu.fi\/index.php?rest_route=\/wp\/v2\/pages\/13\/revisions\/323"}],"wp:attachment":[{"href":"https:\/\/www.silkkisolmu.fi\/index.php?rest_route=%2Fwp%2Fv2%2Fmedia&parent=13"}],"curies":[{"name":"wp","href":"https:\/\/api.w.org\/{rel}","templated":true}]}}