{"id":2,"date":"2014-01-11T23:11:55","date_gmt":"2014-01-11T23:11:55","guid":{"rendered":"http:\/\/www.silkkisolmu.fi\/?page_id=2"},"modified":"2026-03-16T02:16:19","modified_gmt":"2026-03-16T00:16:19","slug":"esimerkkisivu","status":"publish","type":"page","link":"https:\/\/www.silkkisolmu.fi\/","title":{"rendered":"Tervetuloa"},"content":{"rendered":"<p><strong>\u00a0Ompelimo Silkkisolmun nettisivuille!<\/strong><\/p>\n<p>&nbsp;<\/p>\n<p><strong>Ompelimo suljettu toistaiseksi \u00e4itiysloman johdosta. (Kev\u00e4t 2026-)<\/strong><\/p>\n<p>&nbsp;<\/p>\n<p>&nbsp;<\/p>\n<p>Pyrimme tarjoamaan asiakkaille laadukasta ja reipasta palvelua.<br \/>\nToteutamme mittatilausvaatteita niin arki- kuin juhlatilaisuuksiinkin.<br \/>\nPalveluihimme kuuluu my\u00f6s korjaus- ja muodistusty\u00f6t sek\u00e4 kodintekstiilien ompelua.<br \/>\nErikoisuutena valmistamme my\u00f6s esiintymis- ja tanssiasuja.<\/p>\n<p>Otathan rohkeasti yhteytt\u00e4 ja voimme sopia tapaamisen!<\/p>\n<p>susanna@silkkisolmu.fi<\/p>\n<p>&nbsp;<\/p>\n<p>&nbsp;<\/p>\n<p>&nbsp;<\/p>\n","protected":false},"excerpt":{"rendered":"<p>\u00a0Ompelimo Silkkisolmun nettisivuille! &nbsp; Ompelimo suljettu toistaiseksi \u00e4itiysloman johdosta. (Kev\u00e4t 2026-) &nbsp; &nbsp; Pyrimme tarjoamaan asiakkaille laadukasta ja reipasta palvelua. Toteutamme mittatilausvaatteita niin arki- kuin juhlatilaisuuksiinkin. Palveluihimme kuuluu my\u00f6s korjaus- ja muodistusty\u00f6t sek\u00e4 kodintekstiilien ompelua. Erikoisuutena valmistamme my\u00f6s esiintymis- ja tanssiasuja. Otathan rohkeasti yhteytt\u00e4 ja voimme sopia tapaamisen! susanna@silkkisolmu.fi &nbsp; &nbsp; &nbsp;<\/p>\n","protected":false},"author":1,"featured_media":0,"parent":0,"menu_order":0,"comment_status":"closed","ping_status":"open","template":"","meta":{"footnotes":""},"class_list":["post-2","page","type-page","status-publish","hentry"],"_links":{"self":[{"href":"https:\/\/www.silkkisolmu.fi\/index.php?rest_route=\/wp\/v2\/pages\/2","targetHints":{"allow":["GET"]}}],"collection":[{"href":"https:\/\/www.silkkisolmu.fi\/index.php?rest_route=\/wp\/v2\/pages"}],"about":[{"href":"https:\/\/www.silkkisolmu.fi\/index.php?rest_route=\/wp\/v2\/types\/page"}],"author":[{"embeddable":true,"href":"https:\/\/www.silkkisolmu.fi\/index.php?rest_route=\/wp\/v2\/users\/1"}],"replies":[{"embeddable":true,"href":"https:\/\/www.silkkisolmu.fi\/index.php?rest_route=%2Fwp%2Fv2%2Fcomments&post=2"}],"version-history":[{"count":22,"href":"https:\/\/www.silkkisolmu.fi\/index.php?rest_route=\/wp\/v2\/pages\/2\/revisions"}],"predecessor-version":[{"id":322,"href":"https:\/\/www.silkkisolmu.fi\/index.php?rest_route=\/wp\/v2\/pages\/2\/revisions\/322"}],"wp:attachment":[{"href":"https:\/\/www.silkkisolmu.fi\/index.php?rest_route=%2Fwp%2Fv2%2Fmedia&parent=2"}],"curies":[{"name":"wp","href":"https:\/\/api.w.org\/{rel}","templated":true}]}}